{"id":37,"date":"2024-05-27T08:14:35","date_gmt":"2024-05-27T08:14:35","guid":{"rendered":"https:\/\/pensive-lamport.195-201-90-31.plesk.page\/?page_id=37"},"modified":"2024-05-27T08:14:56","modified_gmt":"2024-05-27T08:14:56","slug":"aviso-legal","status":"publish","type":"page","link":"https:\/\/pensive-lamport.195-201-90-31.plesk.page\/?page_id=37","title":{"rendered":"Aviso legal"},"content":{"rendered":"\t\t<div data-elementor-type=\"wp-page\" data-elementor-id=\"37\" class=\"elementor elementor-37\" data-elementor-post-type=\"page\">\n\t\t\t\t<div class=\"elementor-element elementor-element-2791a31 e-flex e-con-boxed e-con e-parent\" data-id=\"2791a31\" data-element_type=\"container\" data-e-type=\"container\" data-settings=\"{&quot;background_background&quot;:&quot;classic&quot;}\">\n\t\t\t\t\t<div class=\"e-con-inner\">\n\t\t\t\t<div class=\"elementor-element elementor-element-20885b4e elementor-widget elementor-widget-heading\" data-id=\"20885b4e\" data-element_type=\"widget\" data-e-type=\"widget\" data-widget_type=\"heading.default\">\n\t\t\t\t<div class=\"elementor-widget-container\">\n\t\t\t\t\t<h1 class=\"elementor-heading-title elementor-size-default\">Aviso legal<\/h1>\t\t\t\t<\/div>\n\t\t\t\t<\/div>\n\t\t\t\t\t<\/div>\n\t\t\t\t<\/div>\n\t\t<div class=\"elementor-element elementor-element-65543690 e-flex e-con-boxed e-con e-parent\" data-id=\"65543690\" data-element_type=\"container\" data-e-type=\"container\">\n\t\t\t\t\t<div class=\"e-con-inner\">\n\t\t<div class=\"elementor-element elementor-element-640e3649 e-flex e-con-boxed e-con e-child\" data-id=\"640e3649\" data-element_type=\"container\" data-e-type=\"container\">\n\t\t\t\t\t<div class=\"e-con-inner\">\n\t\t\t\t<div class=\"elementor-element elementor-element-511b651c elementor-widget elementor-widget-heading\" data-id=\"511b651c\" data-element_type=\"widget\" data-e-type=\"widget\" data-widget_type=\"heading.default\">\n\t\t\t\t<div class=\"elementor-widget-container\">\n\t\t\t\t\t<h2 class=\"elementor-heading-title elementor-size-default\">Introducci\u00f3n<\/h2>\t\t\t\t<\/div>\n\t\t\t\t<\/div>\n\t\t\t\t<div class=\"elementor-element elementor-element-66fab95c elementor-widget elementor-widget-text-editor\" data-id=\"66fab95c\" data-element_type=\"widget\" data-e-type=\"widget\" data-widget_type=\"text-editor.default\">\n\t\t\t\t<div class=\"elementor-widget-container\">\n\t\t\t\t\t\t\t\t\t<p>El presente documento tiene como finalidad el establecer y regular las normas de uso y condiciones de utilizaci\u00f3n de este portal web, entendiendo por \u00e9ste todas las p\u00e1ginas y sus contenidos propiedad de Nutricionate S.L., en adelante Nutricionate , a las cuales se accede a trav\u00e9s del dominio https:\/\/www.nutricionate.com.<\/p><p>La utilizaci\u00f3n del portal web atribuye la condici\u00f3n de usuario del mismo e implica la aceptaci\u00f3n de todas las condiciones incluidas en el presente Aviso Legal. El usuario se compromete a leer atentamente el presente Aviso Legal en cada una de las ocasiones en que se proponga utilizar nuestro portal web ya que el mismo y sus condiciones de uso recogidas en el presente Aviso Legal pueden sufrir modificaciones.<\/p>\t\t\t\t\t\t\t\t<\/div>\n\t\t\t\t<\/div>\n\t\t\t\t\t<\/div>\n\t\t\t\t<\/div>\n\t\t<div class=\"elementor-element elementor-element-7361881 e-flex e-con-boxed e-con e-child\" data-id=\"7361881\" data-element_type=\"container\" data-e-type=\"container\">\n\t\t\t\t\t<div class=\"e-con-inner\">\n\t\t\t\t<div class=\"elementor-element elementor-element-64bce36a elementor-widget elementor-widget-heading\" data-id=\"64bce36a\" data-element_type=\"widget\" data-e-type=\"widget\" data-widget_type=\"heading.default\">\n\t\t\t\t<div class=\"elementor-widget-container\">\n\t\t\t\t\t<h2 class=\"elementor-heading-title elementor-size-default\">Datos Identificativos<\/h2>\t\t\t\t<\/div>\n\t\t\t\t<\/div>\n\t\t\t\t<div class=\"elementor-element elementor-element-1bf48123 elementor-widget elementor-widget-text-editor\" data-id=\"1bf48123\" data-element_type=\"widget\" data-e-type=\"widget\" data-widget_type=\"text-editor.default\">\n\t\t\t\t<div class=\"elementor-widget-container\">\n\t\t\t\t\t\t\t\t\t<p>En cumplimiento con el deber de informaci\u00f3n recogido en art\u00edculo 10 de la Ley 34\/2002, de 11 de julio, de Servicios de la Sociedad de la Informaci\u00f3n y del Comercio Electr\u00f3nico, a continuaci\u00f3n se reflejan los siguientes datos: el titular de dominio web es Nutricionate S.L\u00a0 con NIF B01919984 (en adelante Nutricionate), con domicilio a estos efectos en Calle Juli\u00e1n Besteiro n\u00ba6, Bigastro. Correo electr\u00f3nico de contacto:\u00a0info@nutricionate.com\u00a0del sitio web.<\/p>\t\t\t\t\t\t\t\t<\/div>\n\t\t\t\t<\/div>\n\t\t\t\t\t<\/div>\n\t\t\t\t<\/div>\n\t\t<div class=\"elementor-element elementor-element-4987027d e-flex e-con-boxed e-con e-child\" data-id=\"4987027d\" data-element_type=\"container\" data-e-type=\"container\">\n\t\t\t\t\t<div class=\"e-con-inner\">\n\t\t\t\t<div class=\"elementor-element elementor-element-6d15c37d elementor-widget elementor-widget-heading\" data-id=\"6d15c37d\" data-element_type=\"widget\" data-e-type=\"widget\" data-widget_type=\"heading.default\">\n\t\t\t\t<div class=\"elementor-widget-container\">\n\t\t\t\t\t<h2 class=\"elementor-heading-title elementor-size-default\">Usuarios<\/h2>\t\t\t\t<\/div>\n\t\t\t\t<\/div>\n\t\t\t\t<div class=\"elementor-element elementor-element-711f2cd elementor-widget elementor-widget-text-editor\" data-id=\"711f2cd\" data-element_type=\"widget\" data-e-type=\"widget\" data-widget_type=\"text-editor.default\">\n\t\t\t\t<div class=\"elementor-widget-container\">\n\t\t\t\t\t\t\t\t\t<p>El acceso y\/o uso de este portal web atribuye la condici\u00f3n de Usuario, que acepta, desde dicho acceso y\/o uso, el presente aviso legal. Las citadas Condiciones ser\u00e1n de aplicaci\u00f3n independientemente de las Condiciones Generales de Contrataci\u00f3n o Pol\u00edtica de Uso que en su caso resulten de obligado cumplimiento.<\/p>\t\t\t\t\t\t\t\t<\/div>\n\t\t\t\t<\/div>\n\t\t\t\t\t<\/div>\n\t\t\t\t<\/div>\n\t\t<div class=\"elementor-element elementor-element-62503d1d e-flex e-con-boxed e-con e-child\" data-id=\"62503d1d\" data-element_type=\"container\" data-e-type=\"container\">\n\t\t\t\t\t<div class=\"e-con-inner\">\n\t\t\t\t<div class=\"elementor-element elementor-element-11cb85b1 elementor-widget elementor-widget-heading\" data-id=\"11cb85b1\" data-element_type=\"widget\" data-e-type=\"widget\" data-widget_type=\"heading.default\">\n\t\t\t\t<div class=\"elementor-widget-container\">\n\t\t\t\t\t<h2 class=\"elementor-heading-title elementor-size-default\">Uso del Portal<\/h2>\t\t\t\t<\/div>\n\t\t\t\t<\/div>\n\t\t\t\t<div class=\"elementor-element elementor-element-2679dcb6 elementor-widget elementor-widget-text-editor\" data-id=\"2679dcb6\" data-element_type=\"widget\" data-e-type=\"widget\" data-widget_type=\"text-editor.default\">\n\t\t\t\t<div class=\"elementor-widget-container\">\n\t\t\t\t\t\t\t\t\t<p>https:\/\/www.nutricionate.com proporciona el acceso a diversas informaciones sobre nuestra experiencias, colaboraciones, apartados de contacto, publicaciones de noticias o art\u00edculos de opini\u00f3n relacionados con nuestra actividad, enlaces a redes sociales (en adelante, \u201clos contenidos\u201d) en Internet pertenecientes a Nutricionate o a sus licenciantes a los que el usuario pueda tener acceso. El usuario asume la responsabilidad del uso del portal. Dicha responsabilidad se extiende a la suscripci\u00f3n de newsletters, boletines, novedades, registro de clientes para servicios web o cualquier recogida de datos personales que fuese necesaria para acceder a determinados servicios. En dicho registro el usuario ser\u00e1 responsable de aportar informaci\u00f3n veraz y l\u00edcita.<\/p>\t\t\t\t\t\t\t\t<\/div>\n\t\t\t\t<\/div>\n\t\t\t\t\t<\/div>\n\t\t\t\t<\/div>\n\t\t<div class=\"elementor-element elementor-element-1894bc03 e-flex e-con-boxed e-con e-child\" data-id=\"1894bc03\" data-element_type=\"container\" data-e-type=\"container\">\n\t\t\t\t\t<div class=\"e-con-inner\">\n\t\t\t\t<div class=\"elementor-element elementor-element-70a3b6cb elementor-widget elementor-widget-heading\" data-id=\"70a3b6cb\" data-element_type=\"widget\" data-e-type=\"widget\" data-widget_type=\"heading.default\">\n\t\t\t\t<div class=\"elementor-widget-container\">\n\t\t\t\t\t<h2 class=\"elementor-heading-title elementor-size-default\">Propiedad intelectual e industrial<\/h2>\t\t\t\t<\/div>\n\t\t\t\t<\/div>\n\t\t\t\t<div class=\"elementor-element elementor-element-e1ec338 elementor-widget elementor-widget-text-editor\" data-id=\"e1ec338\" data-element_type=\"widget\" data-e-type=\"widget\" data-widget_type=\"text-editor.default\">\n\t\t\t\t<div class=\"elementor-widget-container\">\n\t\t\t\t\t\t\t\t\t<p>Nutricionate por s\u00ed o como cesionaria, es titular de todos los derechos de propiedad intelectual e industrial de su p\u00e1gina web, as\u00ed como de los elementos contenidos en la misma (a t\u00edtulo enunciativo, art\u00edculos jur\u00eddicos, legales, im\u00e1genes, sonido, audio, v\u00eddeo, software o textos; marcas o logotipos, combinaciones de colores, estructura y dise\u00f1o, selecci\u00f3n de materiales usados, programas de ordenador necesarios para su funcionamiento, acceso y uso, etc.), titularidad de Nutricionate todos los derechos reservados.<br \/>En virtud de lo dispuesto en los art\u00edculos 8 y 32.1, p\u00e1rrafo segundo, de la Ley de Propiedad Intelectual, quedan expresamente prohibidas la reproducci\u00f3n, la distribuci\u00f3n y la comunicaci\u00f3n p\u00fablica, incluida su modalidad de puesta a disposici\u00f3n, de la totalidad o parte de los contenidos de esta p\u00e1gina web, con fines comerciales, en cualquier soporte y por cualquier medio t\u00e9cnico, sin la autorizaci\u00f3n de Nutricionate. El usuario se compromete a respetar los derechos de Propiedad Intelectual e Industrial titularidad de Nutricionate.<br \/>La utilizaci\u00f3n no autorizada de la informaci\u00f3n contenida en este Sitio, as\u00ed como los perjuicios ocasionados en los derechos de propiedad intelectual e industrial de Nutricionate pueden dar lugar al ejercicio de las acciones que legalmente correspondan y, si procede, a las responsabilidades que de dicho ejercicio se deriven.<\/p>\t\t\t\t\t\t\t\t<\/div>\n\t\t\t\t<\/div>\n\t\t\t\t\t<\/div>\n\t\t\t\t<\/div>\n\t\t<div class=\"elementor-element elementor-element-2b6724c2 e-flex e-con-boxed e-con e-child\" data-id=\"2b6724c2\" data-element_type=\"container\" data-e-type=\"container\">\n\t\t\t\t\t<div class=\"e-con-inner\">\n\t\t\t\t<div class=\"elementor-element elementor-element-17f52997 elementor-widget elementor-widget-heading\" data-id=\"17f52997\" data-element_type=\"widget\" data-e-type=\"widget\" data-widget_type=\"heading.default\">\n\t\t\t\t<div class=\"elementor-widget-container\">\n\t\t\t\t\t<h2 class=\"elementor-heading-title elementor-size-default\">Exclusi\u00f3n de Garant\u00eda y Responsabilidad<\/h2>\t\t\t\t<\/div>\n\t\t\t\t<\/div>\n\t\t\t\t<div class=\"elementor-element elementor-element-6f967d98 elementor-widget elementor-widget-text-editor\" data-id=\"6f967d98\" data-element_type=\"widget\" data-e-type=\"widget\" data-widget_type=\"text-editor.default\">\n\t\t\t\t<div class=\"elementor-widget-container\">\n\t\t\t\t\t\t\t\t\t<p>Nutricionate no se hace responsable, en ning\u00fan caso, de los da\u00f1os y perjuicios de cualquier naturaleza que pudieran ocasionar, a t\u00edtulo enunciativo: errores u omisiones en los contenidos, falta de disponibilidad del portal o la transmisi\u00f3n de virus o programas maliciosos o lesivos en los contenidos, a pesar de haber adoptado todas las medidas tecnol\u00f3gicas necesarias para evitarlo<br \/>El contenido, informaci\u00f3n y\/o consejos expresados en este portal web deben entenderse como simplemente orientativos. Nutricionate no responde de ninguna forma de la efectividad o exactitud de los mismos, quedando exenta de cualquier responsabilidad con los usuarios que haga uso de ellos, ya que son \u00e9stas las que deber\u00e1n decidir seg\u00fan su criterio la oportunidad de los mismos. En este Sitio se pueden publicar contenidos y comentarios aportados por terceras personas. Nutricionate no responde de la veracidad y exactitud de los mismos, quedando exenta de cualquier responsabilidad con los usuarios que hagan uso de ellos.<br \/>Nutricionate se reserva el derecho de modificar el contenido del Sitio sin previo aviso y sin ning\u00fan tipo de limitaci\u00f3n. As\u00ed mismo la empresa declina cualquier responsabilidad por los eventuales da\u00f1os y perjuicios que puedan ocasionarse por la falta de disponibilidad y\/o continuidad de este Sitio y de los servicios que se ofrecen en \u00e9l. As\u00ed mismo, tampoco podemos garantizar la ausencia de virus ni de otros elementos en la Web que puedan producir alteraciones en su sistema inform\u00e1tico.<br \/>Nutricionate declina cualquier responsabilidad por los servicios y\/o informaci\u00f3n que se preste en otros sitios enlazados con este, ya que no controla ni ejerce ning\u00fan tipo de supervisi\u00f3n en Sitios Webs de terceros. Aconsejamos a los usuarios de los mismos a actuar con prudencia y consultar las eventuales condiciones legales que se expongan en dichas Webs. As\u00ed mismo los Usuarios que remitan cualquier tipo de informaci\u00f3n a Nutricionate se comprometen a que la misma sea veraz y que no vulnere cualquier derecho de terceros ni la legalidad vigente.<br \/>Si Ud. cree que cualquier contenido y\/o informaci\u00f3n de este Sitio vulnera un derecho leg\u00edtimo o la legalidad vigente le agradecer\u00edamos que se pusiera en contacto con Nutricionate para que podamos tomar las medidas oportunas.<\/p>\t\t\t\t\t\t\t\t<\/div>\n\t\t\t\t<\/div>\n\t\t\t\t\t<\/div>\n\t\t\t\t<\/div>\n\t\t<div class=\"elementor-element elementor-element-16a4f972 e-flex e-con-boxed e-con e-child\" data-id=\"16a4f972\" data-element_type=\"container\" data-e-type=\"container\">\n\t\t\t\t\t<div class=\"e-con-inner\">\n\t\t\t\t<div class=\"elementor-element elementor-element-1d181e5 elementor-widget elementor-widget-heading\" data-id=\"1d181e5\" data-element_type=\"widget\" data-e-type=\"widget\" data-widget_type=\"heading.default\">\n\t\t\t\t<div class=\"elementor-widget-container\">\n\t\t\t\t\t<h2 class=\"elementor-heading-title elementor-size-default\">Enlaces<\/h2>\t\t\t\t<\/div>\n\t\t\t\t<\/div>\n\t\t\t\t<div class=\"elementor-element elementor-element-557dfa2e elementor-widget elementor-widget-text-editor\" data-id=\"557dfa2e\" data-element_type=\"widget\" data-e-type=\"widget\" data-widget_type=\"text-editor.default\">\n\t\t\t\t<div class=\"elementor-widget-container\">\n\t\t\t\t\t\t\t\t\t<p>En el caso de que en nombre del dominio se dispusiesen enlaces o hiperv\u00ednculos hac\u00eda otros sitios de Internet, Nutricionate no ejercer\u00e1 ning\u00fan tipo de control sobre dichos sitios y contenidos. En ning\u00fan caso Nutricionate asumir\u00e1 responsabilidad alguna por los contenidos de alg\u00fan enlace perteneciente a un sitio web ajeno, ni garantizar\u00e1 la disponibilidad t\u00e9cnica, calidad, fiabilidad, exactitud, amplitud, veracidad, validez y constitucionalidad de cualquier material o informaci\u00f3n contenida en ninguno de dichos hiperv\u00ednculos u otros sitios de Internet. Igualmente la inclusi\u00f3n de estas conexiones externas no implicar\u00e1 ning\u00fan tipo de asociaci\u00f3n, fusi\u00f3n o participaci\u00f3n con las entidades conectadas.<\/p>\t\t\t\t\t\t\t\t<\/div>\n\t\t\t\t<\/div>\n\t\t\t\t\t<\/div>\n\t\t\t\t<\/div>\n\t\t<div class=\"elementor-element elementor-element-4f45387d e-flex e-con-boxed e-con e-child\" data-id=\"4f45387d\" data-element_type=\"container\" data-e-type=\"container\">\n\t\t\t\t\t<div class=\"e-con-inner\">\n\t\t\t\t<div class=\"elementor-element elementor-element-c784a32 elementor-widget elementor-widget-heading\" data-id=\"c784a32\" data-element_type=\"widget\" data-e-type=\"widget\" data-widget_type=\"heading.default\">\n\t\t\t\t<div class=\"elementor-widget-container\">\n\t\t\t\t\t<h2 class=\"elementor-heading-title elementor-size-default\">Modificaciones<\/h2>\t\t\t\t<\/div>\n\t\t\t\t<\/div>\n\t\t\t\t<div class=\"elementor-element elementor-element-2442006d elementor-widget elementor-widget-text-editor\" data-id=\"2442006d\" data-element_type=\"widget\" data-e-type=\"widget\" data-widget_type=\"text-editor.default\">\n\t\t\t\t<div class=\"elementor-widget-container\">\n\t\t\t\t\t\t\t\t\t<p>Nutricionate se reserva el derecho de efectuar sin previo aviso las modificaciones que considere oportunas en su portal, pudiendo cambiar, suprimir o a\u00f1adir tanto los contenidos y servicios que se presten a trav\u00e9s de la misma como la forma en la que \u00e9stos aparezcan presentados o localizados en su portal.<\/p>\t\t\t\t\t\t\t\t<\/div>\n\t\t\t\t<\/div>\n\t\t\t\t\t<\/div>\n\t\t\t\t<\/div>\n\t\t<div class=\"elementor-element elementor-element-2536f3da e-flex e-con-boxed e-con e-child\" data-id=\"2536f3da\" data-element_type=\"container\" data-e-type=\"container\">\n\t\t\t\t\t<div class=\"e-con-inner\">\n\t\t\t\t<div class=\"elementor-element elementor-element-75745ac3 elementor-widget elementor-widget-heading\" data-id=\"75745ac3\" data-element_type=\"widget\" data-e-type=\"widget\" data-widget_type=\"heading.default\">\n\t\t\t\t<div class=\"elementor-widget-container\">\n\t\t\t\t\t<h2 class=\"elementor-heading-title elementor-size-default\">Pol\u00edtica de Uso<\/h2>\t\t\t\t<\/div>\n\t\t\t\t<\/div>\n\t\t\t\t<div class=\"elementor-element elementor-element-28e05420 elementor-widget elementor-widget-text-editor\" data-id=\"28e05420\" data-element_type=\"widget\" data-e-type=\"widget\" data-widget_type=\"text-editor.default\">\n\t\t\t\t<div class=\"elementor-widget-container\">\n\t\t\t\t\t\t\t\t\t<p>Tiene a su disposici\u00f3n Condiciones generales de contrataci\u00f3n para el uso de los servicios prestados por Nutricionate.<\/p>\t\t\t\t\t\t\t\t<\/div>\n\t\t\t\t<\/div>\n\t\t\t\t\t<\/div>\n\t\t\t\t<\/div>\n\t\t<div class=\"elementor-element elementor-element-49cc4613 e-flex e-con-boxed e-con e-child\" data-id=\"49cc4613\" data-element_type=\"container\" data-e-type=\"container\">\n\t\t\t\t\t<div class=\"e-con-inner\">\n\t\t\t\t<div class=\"elementor-element elementor-element-143cb444 elementor-widget elementor-widget-heading\" data-id=\"143cb444\" data-element_type=\"widget\" data-e-type=\"widget\" data-widget_type=\"heading.default\">\n\t\t\t\t<div class=\"elementor-widget-container\">\n\t\t\t\t\t<h2 class=\"elementor-heading-title elementor-size-default\">Legislaci\u00f3n Aplicable y Jurisdicci\u00f3n<\/h2>\t\t\t\t<\/div>\n\t\t\t\t<\/div>\n\t\t\t\t<div class=\"elementor-element elementor-element-4f97696 elementor-widget elementor-widget-text-editor\" data-id=\"4f97696\" data-element_type=\"widget\" data-e-type=\"widget\" data-widget_type=\"text-editor.default\">\n\t\t\t\t<div class=\"elementor-widget-container\">\n\t\t\t\t\t\t\t\t\t<p>La relaci\u00f3n entre Nutricionate y el usuario se regir\u00e1 por la normativa espa\u00f1ola vigente y cualquier controversia se someter\u00e1 a los Juzgados y tribunales de la ciudad de Getafe.<\/p>\t\t\t\t\t\t\t\t<\/div>\n\t\t\t\t<\/div>\n\t\t\t\t\t<\/div>\n\t\t\t\t<\/div>\n\t\t\t\t\t<\/div>\n\t\t\t\t<\/div>\n\t\t\t\t<\/div>\n\t\t","protected":false},"excerpt":{"rendered":"<p>Aviso legal Introducci\u00f3n El presente documento tiene como finalidad el establecer y regular las normas de uso y condiciones de utilizaci\u00f3n de este portal web, entendiendo por \u00e9ste todas las p\u00e1ginas y sus contenidos propiedad de Nutricionate S.L., en adelante Nutricionate , a las cuales se accede a trav\u00e9s del dominio https:\/\/www.nutricionate.com. La utilizaci\u00f3n del [&hellip;]<\/p>\n","protected":false},"author":1,"featured_media":0,"parent":0,"menu_order":0,"comment_status":"closed","ping_status":"closed","template":"","meta":{"footnotes":""},"class_list":["post-37","page","type-page","status-publish","hentry"],"_links":{"self":[{"href":"https:\/\/pensive-lamport.195-201-90-31.plesk.page\/index.php?rest_route=\/wp\/v2\/pages\/37","targetHints":{"allow":["GET"]}}],"collection":[{"href":"https:\/\/pensive-lamport.195-201-90-31.plesk.page\/index.php?rest_route=\/wp\/v2\/pages"}],"about":[{"href":"https:\/\/pensive-lamport.195-201-90-31.plesk.page\/index.php?rest_route=\/wp\/v2\/types\/page"}],"author":[{"embeddable":true,"href":"https:\/\/pensive-lamport.195-201-90-31.plesk.page\/index.php?rest_route=\/wp\/v2\/users\/1"}],"replies":[{"embeddable":true,"href":"https:\/\/pensive-lamport.195-201-90-31.plesk.page\/index.php?rest_route=%2Fwp%2Fv2%2Fcomments&post=37"}],"version-history":[{"count":5,"href":"https:\/\/pensive-lamport.195-201-90-31.plesk.page\/index.php?rest_route=\/wp\/v2\/pages\/37\/revisions"}],"predecessor-version":[{"id":209,"href":"https:\/\/pensive-lamport.195-201-90-31.plesk.page\/index.php?rest_route=\/wp\/v2\/pages\/37\/revisions\/209"}],"wp:attachment":[{"href":"https:\/\/pensive-lamport.195-201-90-31.plesk.page\/index.php?rest_route=%2Fwp%2Fv2%2Fmedia&parent=37"}],"curies":[{"name":"wp","href":"https:\/\/api.w.org\/{rel}","templated":true}]}}