{"id":53,"date":"2024-05-27T08:14:44","date_gmt":"2024-05-27T08:14:44","guid":{"rendered":"https:\/\/pensive-lamport.195-201-90-31.plesk.page\/?page_id=53"},"modified":"2024-05-27T10:08:36","modified_gmt":"2024-05-27T10:08:36","slug":"sobre-nosotros","status":"publish","type":"page","link":"https:\/\/pensive-lamport.195-201-90-31.plesk.page\/?page_id=53","title":{"rendered":"Sobre nosotros"},"content":{"rendered":"\t\t<div data-elementor-type=\"wp-page\" data-elementor-id=\"53\" class=\"elementor elementor-53\" data-elementor-post-type=\"page\">\n\t\t\t\t<div class=\"elementor-element elementor-element-4660f861 e-flex e-con-boxed e-con e-parent\" data-id=\"4660f861\" data-element_type=\"container\" data-e-type=\"container\" data-settings=\"{&quot;background_background&quot;:&quot;classic&quot;}\">\n\t\t\t\t\t<div class=\"e-con-inner\">\n\t\t<div class=\"elementor-element elementor-element-4a079c5c e-con-full e-flex e-con e-child\" data-id=\"4a079c5c\" data-element_type=\"container\" data-e-type=\"container\">\n\t\t\t\t<div class=\"elementor-element elementor-element-77ec9fb5 animated-slow elementor-widget elementor-widget-heading\" data-id=\"77ec9fb5\" data-element_type=\"widget\" data-e-type=\"widget\" data-settings=\"{&quot;_animation&quot;:&quot;none&quot;}\" data-widget_type=\"heading.default\">\n\t\t\t\t<div class=\"elementor-widget-container\">\n\t\t\t\t\t<h1 class=\"elementor-heading-title elementor-size-default\">Sobre Nutrici\u00f3nate<\/h1>\t\t\t\t<\/div>\n\t\t\t\t<\/div>\n\t\t\t\t<div class=\"elementor-element elementor-element-5c4fd4f3 elementor-widget elementor-widget-text-editor\" data-id=\"5c4fd4f3\" data-element_type=\"widget\" data-e-type=\"widget\" data-widget_type=\"text-editor.default\">\n\t\t\t\t<div class=\"elementor-widget-container\">\n\t\t\t\t\t\t\t\t\t<p>Mi nombre es Sandra Mo\u00f1ino Costa y cre\u00e9 Nutricionate con un \u00fanico objetivo,\u00a0lograr ver c\u00f3mo mis pacientes mejoran sus\u00a0h\u00e1bitos alimenticios con comida sana y sabrosa, dando un cambio hacia una vida activa y m\u00e1s saludable.<\/p>\t\t\t\t\t\t\t\t<\/div>\n\t\t\t\t<\/div>\n\t\t\t\t<div class=\"elementor-element elementor-element-56398f3a elementor-invisible elementor-widget elementor-widget-button\" data-id=\"56398f3a\" data-element_type=\"widget\" data-e-type=\"widget\" data-settings=\"{&quot;_animation&quot;:&quot;fadeIn&quot;}\" data-widget_type=\"button.default\">\n\t\t\t\t<div class=\"elementor-widget-container\">\n\t\t\t\t\t\t\t\t\t<div class=\"elementor-button-wrapper\">\n\t\t\t\t\t<a class=\"elementor-button elementor-button-link elementor-size-sm elementor-animation-pop\" href=\"\/contacto\/\">\n\t\t\t\t\t\t<span class=\"elementor-button-content-wrapper\">\n\t\t\t\t\t\t\t\t\t<span class=\"elementor-button-text\">Escr\u00edbeme<\/span>\n\t\t\t\t\t<\/span>\n\t\t\t\t\t<\/a>\n\t\t\t\t<\/div>\n\t\t\t\t\t\t\t\t<\/div>\n\t\t\t\t<\/div>\n\t\t\t\t<\/div>\n\t\t<div class=\"elementor-element elementor-element-84f45a4 e-con-full e-flex e-con e-child\" data-id=\"84f45a4\" data-element_type=\"container\" data-e-type=\"container\">\n\t\t\t\t<div class=\"elementor-element elementor-element-180839a4 elementor-widget elementor-widget-image\" data-id=\"180839a4\" data-element_type=\"widget\" data-e-type=\"widget\" data-widget_type=\"image.default\">\n\t\t\t\t<div class=\"elementor-widget-container\">\n\t\t\t\t\t\t\t\t\t\t\t\t\t\t\t<img fetchpriority=\"high\" decoding=\"async\" width=\"708\" height=\"915\" src=\"https:\/\/pensive-lamport.195-201-90-31.plesk.page\/wp-content\/uploads\/2024\/05\/Sandra-Monino-Sobre-Mi.png\" class=\"attachment-full size-full wp-image-54\" alt=\"\" srcset=\"https:\/\/pensive-lamport.195-201-90-31.plesk.page\/wp-content\/uploads\/2024\/05\/Sandra-Monino-Sobre-Mi.png 708w, https:\/\/pensive-lamport.195-201-90-31.plesk.page\/wp-content\/uploads\/2024\/05\/Sandra-Monino-Sobre-Mi-232x300.png 232w\" sizes=\"(max-width: 708px) 100vw, 708px\" \/>\t\t\t\t\t\t\t\t\t\t\t\t\t\t\t<\/div>\n\t\t\t\t<\/div>\n\t\t\t\t<\/div>\n\t\t\t\t\t<\/div>\n\t\t\t\t<\/div>\n\t\t<div class=\"elementor-element elementor-element-7762a876 e-flex e-con-boxed e-con e-parent\" data-id=\"7762a876\" data-element_type=\"container\" data-e-type=\"container\">\n\t\t\t\t\t<div class=\"e-con-inner\">\n\t\t\t\t<div class=\"elementor-element elementor-element-31a7e0e6 animated-slow elementor-widget__width-initial elementor-widget-tablet__width-inherit elementor-invisible elementor-widget elementor-widget-heading\" data-id=\"31a7e0e6\" data-element_type=\"widget\" data-e-type=\"widget\" data-settings=\"{&quot;_animation&quot;:&quot;fadeInUp&quot;}\" data-widget_type=\"heading.default\">\n\t\t\t\t<div class=\"elementor-widget-container\">\n\t\t\t\t\t<h2 class=\"elementor-heading-title elementor-size-default\">\u00bfQu\u00e9 me llevo a estudiar Nutrici\u00f3n Humana y Diet\u00e9tica?<\/h2>\t\t\t\t<\/div>\n\t\t\t\t<\/div>\n\t\t<div class=\"elementor-element elementor-element-7d70f4ee e-flex e-con-boxed e-con e-child\" data-id=\"7d70f4ee\" data-element_type=\"container\" data-e-type=\"container\">\n\t\t\t\t\t<div class=\"e-con-inner\">\n\t\t<div class=\"elementor-element elementor-element-1c84db69 e-flex e-con-boxed e-con e-child\" data-id=\"1c84db69\" data-element_type=\"container\" data-e-type=\"container\">\n\t\t\t\t\t<div class=\"e-con-inner\">\n\t\t\t\t<div class=\"elementor-element elementor-element-3444432 elementor-widget__width-inherit elementor-widget-tablet__width-inherit elementor-widget elementor-widget-text-editor\" data-id=\"3444432\" data-element_type=\"widget\" data-e-type=\"widget\" data-widget_type=\"text-editor.default\">\n\t\t\t\t<div class=\"elementor-widget-container\">\n\t\t\t\t\t\t\t\t\t<p>Desde peque\u00f1a siempre quise ser profesora porque se me da muy bien el trato con los ni\u00f1os y disfruto con ellos. Cuando era peque\u00f1a me encantaba leer y simulaba que era una profesora que le\u00eda un libro en clase para mis alumnos. <\/p><p>Fueron pasando los a\u00f1os y llegado el momento de elegir cu\u00e1l iba a ser mi camino, tom\u00e9 la decisi\u00f3n de estudiar algo relacionado con las ciencias de la salud, ya que durante este tiempo le fui cogiendo el gusto a la biolog\u00eda, las mates y la qu\u00edmica, adem\u00e1s siempre he sido muy altruista y me encantaba ayudar a la gente.<\/p>\t\t\t\t\t\t\t\t<\/div>\n\t\t\t\t<\/div>\n\t\t\t\t\t<\/div>\n\t\t\t\t<\/div>\n\t\t<div class=\"elementor-element elementor-element-332ec876 e-flex e-con-boxed e-con e-child\" data-id=\"332ec876\" data-element_type=\"container\" data-e-type=\"container\">\n\t\t\t\t\t<div class=\"e-con-inner\">\n\t\t\t\t<div class=\"elementor-element elementor-element-273214fd elementor-widget__width-inherit elementor-widget-tablet__width-inherit elementor-widget elementor-widget-text-editor\" data-id=\"273214fd\" data-element_type=\"widget\" data-e-type=\"widget\" data-widget_type=\"text-editor.default\">\n\t\t\t\t<div class=\"elementor-widget-container\">\n\t\t\t\t\t\t\t\t\t<p>A la hora de decidir la carrera que iba a realizar y barajar todas las opciones top\u00e9 con una opci\u00f3n que a priori no estaba contemplada en mi mente, pero la cual a d\u00eda de hoy me ha tra\u00eddo muchas alegr\u00edas y a crear Nutricionate.<\/p><p>Me lanc\u00e9 a formarme en Nutrici\u00f3n Humana y Diet\u00e9tica y ah\u00ed descubr\u00ed este mundo y me enamor\u00e9, cambi\u00e9 mis h\u00e1bitos alimenticios y me di cuenta de la relaci\u00f3n tan grande que tiene con la salud y la educaci\u00f3n que era lo que a m\u00ed m\u00e1s me gustaba.<\/p>\t\t\t\t\t\t\t\t<\/div>\n\t\t\t\t<\/div>\n\t\t\t\t\t<\/div>\n\t\t\t\t<\/div>\n\t\t\t\t\t<\/div>\n\t\t\t\t<\/div>\n\t\t\t\t\t<\/div>\n\t\t\t\t<\/div>\n\t\t<div class=\"elementor-element elementor-element-688fdf7e e-flex e-con-boxed e-con e-parent\" data-id=\"688fdf7e\" data-element_type=\"container\" data-e-type=\"container\">\n\t\t\t\t\t<div class=\"e-con-inner\">\n\t\t<div class=\"elementor-element elementor-element-791888ee e-con-full e-flex e-con e-child\" data-id=\"791888ee\" data-element_type=\"container\" data-e-type=\"container\">\n\t\t\t\t<div class=\"elementor-element elementor-element-54754456 elementor-widget elementor-widget-image\" data-id=\"54754456\" data-element_type=\"widget\" data-e-type=\"widget\" data-widget_type=\"image.default\">\n\t\t\t\t<div class=\"elementor-widget-container\">\n\t\t\t\t\t\t\t\t\t\t\t\t\t\t\t<img decoding=\"async\" width=\"585\" height=\"840\" src=\"https:\/\/pensive-lamport.195-201-90-31.plesk.page\/wp-content\/uploads\/2024\/05\/Nutricionista-profesional.png\" class=\"attachment-full size-full wp-image-55\" alt=\"\" srcset=\"https:\/\/pensive-lamport.195-201-90-31.plesk.page\/wp-content\/uploads\/2024\/05\/Nutricionista-profesional.png 585w, https:\/\/pensive-lamport.195-201-90-31.plesk.page\/wp-content\/uploads\/2024\/05\/Nutricionista-profesional-209x300.png 209w\" sizes=\"(max-width: 585px) 100vw, 585px\" \/>\t\t\t\t\t\t\t\t\t\t\t\t\t\t\t<\/div>\n\t\t\t\t<\/div>\n\t\t\t\t<\/div>\n\t\t<div class=\"elementor-element elementor-element-712d1a4b e-con-full e-flex e-con e-child\" data-id=\"712d1a4b\" data-element_type=\"container\" data-e-type=\"container\">\n\t\t\t\t<div class=\"elementor-element elementor-element-6fb8ccb6 animated-slow elementor-invisible elementor-widget elementor-widget-heading\" data-id=\"6fb8ccb6\" data-element_type=\"widget\" data-e-type=\"widget\" data-settings=\"{&quot;_animation&quot;:&quot;fadeInUp&quot;}\" data-widget_type=\"heading.default\">\n\t\t\t\t<div class=\"elementor-widget-container\">\n\t\t\t\t\t<h2 class=\"elementor-heading-title elementor-size-default\">Mi madre siempre dice que nunca se habr\u00eda imaginado que yo acabar\u00eda de dietista-nutricionista<\/h2>\t\t\t\t<\/div>\n\t\t\t\t<\/div>\n\t\t\t\t<div class=\"elementor-element elementor-element-58fbe06a elementor-widget__width-inherit elementor-widget-tablet__width-inherit elementor-widget elementor-widget-text-editor\" data-id=\"58fbe06a\" data-element_type=\"widget\" data-e-type=\"widget\" data-widget_type=\"text-editor.default\">\n\t\t\t\t<div class=\"elementor-widget-container\">\n\t\t\t\t\t\t\t\t\t<p>Y es que menuda era yo con la comida\u2026 Odiaba las verduras y no hab\u00eda forma de que probara algo nuevo -solo me com\u00eda bien el arroz y los bocatas-, por lo que tiene su gracia que ahora sea yo quien os diga que hay que comer mejor. \u00a0<\/p><p>Una vez acab\u00e9, me top\u00e9 con la realidad. O vend\u00eda mis principios a costa de \u201ctrabajar de lo m\u00edo\u201d en empresas de venta de productos o segu\u00eda form\u00e1ndome. De esta manera, empec\u00e9 a formarme por mi cuenta y al poco tiempo encontr\u00e9 mi primer trabajo, d\u00f3nde crec\u00ed profesionalmente.\u2028<\/p><p>Los comienzos son siempre duros empec\u00e9 con poquitos pacientes hasta que el \u201cboca a boca\u201d hizo su trabajo y ahora somos una comunidad Nutricionate. Un lugar donde cambiar tus h\u00e1bitos alimenticios y conseguir por fin esos objetivos que te has marcado en materia de salud.<br \/>Actualmente me sigo formando, haciendo un m\u00e1ster orientado a la salud, adem\u00e1s cada d\u00eda estoy estudiando por mi cuenta, asistiendo a congresos y sobre todo ejerciendo -es donde realmente se aprende-.<\/p><p>Trabajo en consulta privada tratando casos de p\u00e9rdida de peso, ganancia de masa muscular, alergias e intolerancias, veganos y vegetarianos, obesidad infantil, patolog\u00edas digestivas\u2026 Adem\u00e1s, imparto charlas en centros educativos.<\/p>\t\t\t\t\t\t\t\t<\/div>\n\t\t\t\t<\/div>\n\t\t\t\t<\/div>\n\t\t\t\t\t<\/div>\n\t\t\t\t<\/div>\n\t\t<div class=\"elementor-element elementor-element-527f5e08 e-flex e-con-boxed e-con e-parent\" data-id=\"527f5e08\" data-element_type=\"container\" data-e-type=\"container\" data-settings=\"{&quot;background_background&quot;:&quot;classic&quot;}\">\n\t\t\t\t\t<div class=\"e-con-inner\">\n\t\t<div class=\"elementor-element elementor-element-4bd5fc85 e-con-full e-flex e-con e-child\" data-id=\"4bd5fc85\" data-element_type=\"container\" data-e-type=\"container\">\n\t\t\t\t<div class=\"elementor-element elementor-element-5d204b9 elementor-widget elementor-widget-heading\" data-id=\"5d204b9\" data-element_type=\"widget\" data-e-type=\"widget\" data-widget_type=\"heading.default\">\n\t\t\t\t<div class=\"elementor-widget-container\">\n\t\t\t\t\t<h2 class=\"elementor-heading-title elementor-size-default\">Despu\u00e9s de todo puedo compaginar mi vocaci\u00f3n de ense\u00f1ar a los m\u00e1s peque\u00f1os con mi pasi\u00f3n de ayudar a la gente.<\/h2>\t\t\t\t<\/div>\n\t\t\t\t<\/div>\n\t\t\t\t<div class=\"elementor-element elementor-element-100daee4 elementor-widget elementor-widget-text-editor\" data-id=\"100daee4\" data-element_type=\"widget\" data-e-type=\"widget\" data-widget_type=\"text-editor.default\">\n\t\t\t\t<div class=\"elementor-widget-container\">\n\t\t\t\t\t\t\t\t\t<p>Me encanta mi trabajo -siempre lo digo-, creo que es lo m\u00e1s importante que hay. Pues si disfrutas haciendo algo, siempre se obtendr\u00e1n los mejores resultados. Me he dado cuenta que este trabajo tiene todo lo que siempre me ha gustado; la parte altruista, ayudando a mis pacientes a conseguir llegar a su meta pese a los baches que les surjan; y la educaci\u00f3n, explic\u00e1ndoles los pasos para mejorar su salud. Porque, al fin y al cabo, la base de la salud parte de unos h\u00e1bitos nutricionales correctos.<\/p>\t\t\t\t\t\t\t\t<\/div>\n\t\t\t\t<\/div>\n\t\t\t\t<div class=\"elementor-element elementor-element-2936b5b3 elementor-widget elementor-widget-heading\" data-id=\"2936b5b3\" data-element_type=\"widget\" data-e-type=\"widget\" data-widget_type=\"heading.default\">\n\t\t\t\t<div class=\"elementor-widget-container\">\n\t\t\t\t\t<h3 class=\"elementor-heading-title elementor-size-default\">Y lo mas importante<\/h3>\t\t\t\t<\/div>\n\t\t\t\t<\/div>\n\t\t\t\t<div class=\"elementor-element elementor-element-7cb3e837 elementor-widget elementor-widget-text-editor\" data-id=\"7cb3e837\" data-element_type=\"widget\" data-e-type=\"widget\" data-widget_type=\"text-editor.default\">\n\t\t\t\t<div class=\"elementor-widget-container\">\n\t\t\t\t\t\t\t\t\t<p>Conmigo NO vas a hacer dietas milagro, NI vamos a trabajar con batidos d\u00e9tox NI con pastillas para que la dieta funcione. Conmigo vas a conocer c\u00f3mo debemos alimentarnos de la mejor forma posible y adapt\u00e1ndome a cada persona de forma personalizada, pues esto es lo que me identifica. Y s\u00ed, as\u00ed perder\u00e1s peso, coger\u00e1s masa muscular, llevar\u00e1s mejor tu embarazo, mejorar\u00e1s respecto a alguna patolog\u00eda, aprender\u00e1s que se puede ser vegano sin problema y que NO se trata de comer de todo en peque\u00f1as cantidades.<\/p>\t\t\t\t\t\t\t\t<\/div>\n\t\t\t\t<\/div>\n\t\t\t\t<div class=\"elementor-element elementor-element-2d3f4685 elementor-widget elementor-widget-heading\" data-id=\"2d3f4685\" data-element_type=\"widget\" data-e-type=\"widget\" data-widget_type=\"heading.default\">\n\t\t\t\t<div class=\"elementor-widget-container\">\n\t\t\t\t\t<h4 class=\"elementor-heading-title elementor-size-default\">\u00a1As\u00ed que\u00a0Nutrici\u00f3nate\u00a0conmigo!<\/h4>\t\t\t\t<\/div>\n\t\t\t\t<\/div>\n\t\t\t\t<div class=\"elementor-element elementor-element-49ff70c6 elementor-widget elementor-widget-text-editor\" data-id=\"49ff70c6\" data-element_type=\"widget\" data-e-type=\"widget\" data-widget_type=\"text-editor.default\">\n\t\t\t\t<div class=\"elementor-widget-container\">\n\t\t\t\t\t\t\t\t\t<p>Si has llegado hasta aqu\u00ed, solo me queda agradecerte que hayas dedicado unos minutos de tu tiempo a conocerme y visitar la p\u00e1gina. Si sigues interesado\/a en saber m\u00e1s, <strong>\u00a1bienvenido\/a, si\u00e9ntete como en casa!<\/strong><\/p>\t\t\t\t\t\t\t\t<\/div>\n\t\t\t\t<\/div>\n\t\t\t\t<\/div>\n\t\t<div class=\"elementor-element elementor-element-2e4fd8e3 e-con-full elementor-hidden-tablet e-flex e-con e-child\" data-id=\"2e4fd8e3\" data-element_type=\"container\" data-e-type=\"container\">\n\t\t\t\t<div class=\"elementor-element elementor-element-56aded15 elementor-widget elementor-widget-image\" data-id=\"56aded15\" data-element_type=\"widget\" data-e-type=\"widget\" data-widget_type=\"image.default\">\n\t\t\t\t<div class=\"elementor-widget-container\">\n\t\t\t\t\t\t\t\t\t\t\t\t\t\t\t<img decoding=\"async\" width=\"585\" height=\"840\" src=\"https:\/\/pensive-lamport.195-201-90-31.plesk.page\/wp-content\/uploads\/2024\/05\/nutricionista-Sandra-Monino.png\" class=\"attachment-full size-full wp-image-56\" alt=\"\" srcset=\"https:\/\/pensive-lamport.195-201-90-31.plesk.page\/wp-content\/uploads\/2024\/05\/nutricionista-Sandra-Monino.png 585w, https:\/\/pensive-lamport.195-201-90-31.plesk.page\/wp-content\/uploads\/2024\/05\/nutricionista-Sandra-Monino-209x300.png 209w\" sizes=\"(max-width: 585px) 100vw, 585px\" \/>\t\t\t\t\t\t\t\t\t\t\t\t\t\t\t<\/div>\n\t\t\t\t<\/div>\n\t\t\t\t<\/div>\n\t\t\t\t\t<\/div>\n\t\t\t\t<\/div>\n\t\t<div class=\"elementor-element elementor-element-6a8a01d0 e-flex e-con-boxed e-con e-parent\" data-id=\"6a8a01d0\" data-element_type=\"container\" data-e-type=\"container\">\n\t\t\t\t\t<div class=\"e-con-inner\">\n\t\t<div class=\"elementor-element elementor-element-2cd8479a e-flex e-con-boxed e-con e-child\" data-id=\"2cd8479a\" data-element_type=\"container\" data-e-type=\"container\">\n\t\t\t\t\t<div class=\"e-con-inner\">\n\t\t\t\t<div class=\"elementor-element elementor-element-54a700dc animated-slow elementor-widget elementor-widget-heading\" data-id=\"54a700dc\" data-element_type=\"widget\" data-e-type=\"widget\" data-settings=\"{&quot;_animation&quot;:&quot;none&quot;}\" data-widget_type=\"heading.default\">\n\t\t\t\t<div class=\"elementor-widget-container\">\n\t\t\t\t\t<h2 class=\"elementor-heading-title elementor-size-default\">\u00bfQu\u00e9 opinan nuestros clientes?<\/h2>\t\t\t\t<\/div>\n\t\t\t\t<\/div>\n\t\t\t\t\t<\/div>\n\t\t\t\t<\/div>\n\t\t<div class=\"elementor-element elementor-element-5798d2b0 e-con-full e-flex e-con e-child\" data-id=\"5798d2b0\" data-element_type=\"container\" data-e-type=\"container\">\n\t\t<div class=\"elementor-element elementor-element-2dea99ac e-con-full e-flex e-con e-child\" data-id=\"2dea99ac\" data-element_type=\"container\" data-e-type=\"container\">\n\t\t\t\t<\/div>\n\t\t\t\t<\/div>\n\t\t\t\t\t<\/div>\n\t\t\t\t<\/div>\n\t\t<div class=\"elementor-element elementor-element-52f9388d e-flex e-con-boxed e-con e-parent\" data-id=\"52f9388d\" data-element_type=\"container\" data-e-type=\"container\">\n\t\t\t\t\t<div class=\"e-con-inner\">\n\t\t\t\t<div class=\"elementor-element elementor-element-77d3f3b7 gallery-spacing-custom elementor-widget elementor-widget-image-gallery\" data-id=\"77d3f3b7\" data-element_type=\"widget\" data-e-type=\"widget\" data-widget_type=\"image-gallery.default\">\n\t\t\t\t<div class=\"elementor-widget-container\">\n\t\t\t\t\t\t\t<div class=\"elementor-image-gallery\">\n\t\t\t<div id='gallery-1' class='gallery galleryid-53 gallery-columns-4 gallery-size-full'><figure class='gallery-item'>\n\t\t\t<div class='gallery-icon portrait'>\n\t\t\t\t<img loading=\"lazy\" decoding=\"async\" width=\"348\" height=\"500\" src=\"https:\/\/pensive-lamport.195-201-90-31.plesk.page\/wp-content\/uploads\/2024\/05\/testimonio-1.png\" class=\"attachment-full size-full\" alt=\"\" srcset=\"https:\/\/pensive-lamport.195-201-90-31.plesk.page\/wp-content\/uploads\/2024\/05\/testimonio-1.png 348w, https:\/\/pensive-lamport.195-201-90-31.plesk.page\/wp-content\/uploads\/2024\/05\/testimonio-1-209x300.png 209w\" sizes=\"(max-width: 348px) 100vw, 348px\" \/>\n\t\t\t<\/div><\/figure><figure class='gallery-item'>\n\t\t\t<div class='gallery-icon portrait'>\n\t\t\t\t<img loading=\"lazy\" decoding=\"async\" width=\"348\" height=\"357\" src=\"https:\/\/pensive-lamport.195-201-90-31.plesk.page\/wp-content\/uploads\/2024\/05\/testimonio-2.png\" class=\"attachment-full size-full\" alt=\"\" srcset=\"https:\/\/pensive-lamport.195-201-90-31.plesk.page\/wp-content\/uploads\/2024\/05\/testimonio-2.png 348w, https:\/\/pensive-lamport.195-201-90-31.plesk.page\/wp-content\/uploads\/2024\/05\/testimonio-2-292x300.png 292w\" sizes=\"(max-width: 348px) 100vw, 348px\" \/>\n\t\t\t<\/div><\/figure><figure class='gallery-item'>\n\t\t\t<div class='gallery-icon landscape'>\n\t\t\t\t<img loading=\"lazy\" decoding=\"async\" width=\"348\" height=\"261\" src=\"https:\/\/pensive-lamport.195-201-90-31.plesk.page\/wp-content\/uploads\/2024\/05\/testimonio-3.png\" class=\"attachment-full size-full\" alt=\"\" srcset=\"https:\/\/pensive-lamport.195-201-90-31.plesk.page\/wp-content\/uploads\/2024\/05\/testimonio-3.png 348w, https:\/\/pensive-lamport.195-201-90-31.plesk.page\/wp-content\/uploads\/2024\/05\/testimonio-3-300x225.png 300w\" sizes=\"(max-width: 348px) 100vw, 348px\" \/>\n\t\t\t<\/div><\/figure><figure class='gallery-item'>\n\t\t\t<div class='gallery-icon portrait'>\n\t\t\t\t<img loading=\"lazy\" decoding=\"async\" width=\"348\" height=\"499\" src=\"https:\/\/pensive-lamport.195-201-90-31.plesk.page\/wp-content\/uploads\/2024\/05\/testimonio-4.png\" class=\"attachment-full size-full\" alt=\"\" srcset=\"https:\/\/pensive-lamport.195-201-90-31.plesk.page\/wp-content\/uploads\/2024\/05\/testimonio-4.png 348w, https:\/\/pensive-lamport.195-201-90-31.plesk.page\/wp-content\/uploads\/2024\/05\/testimonio-4-209x300.png 209w\" sizes=\"(max-width: 348px) 100vw, 348px\" \/>\n\t\t\t<\/div><\/figure>\n\t\t<\/div>\n\t\t<\/div>\n\t\t\t\t\t\t<\/div>\n\t\t\t\t<\/div>\n\t\t\t\t\t<\/div>\n\t\t\t\t<\/div>\n\t\t<div class=\"elementor-element elementor-element-125562f0 animated-slow e-flex e-con-boxed elementor-invisible e-con e-parent\" data-id=\"125562f0\" data-element_type=\"container\" data-e-type=\"container\" data-settings=\"{&quot;animation&quot;:&quot;slideInUp&quot;}\">\n\t\t\t\t\t<div class=\"e-con-inner\">\n\t\t<div class=\"elementor-element elementor-element-260f3eef e-flex e-con-boxed e-con e-child\" data-id=\"260f3eef\" data-element_type=\"container\" data-e-type=\"container\" data-settings=\"{&quot;background_background&quot;:&quot;classic&quot;}\">\n\t\t\t\t\t<div class=\"e-con-inner\">\n\t\t<div class=\"elementor-element elementor-element-59672a77 e-flex e-con-boxed e-con e-child\" data-id=\"59672a77\" data-element_type=\"container\" data-e-type=\"container\">\n\t\t\t\t\t<div class=\"e-con-inner\">\n\t\t\t\t<div class=\"elementor-element elementor-element-7e2a9ddc elementor-widget elementor-widget-image\" data-id=\"7e2a9ddc\" data-element_type=\"widget\" data-e-type=\"widget\" data-widget_type=\"image.default\">\n\t\t\t\t<div class=\"elementor-widget-container\">\n\t\t\t\t\t\t\t\t\t\t\t\t\t\t\t<img loading=\"lazy\" decoding=\"async\" width=\"490\" height=\"551\" src=\"https:\/\/pensive-lamport.195-201-90-31.plesk.page\/wp-content\/uploads\/2024\/05\/Sandra-Monino-Profesional-Nutricion.png\" class=\"attachment-full size-full wp-image-50\" alt=\"\" srcset=\"https:\/\/pensive-lamport.195-201-90-31.plesk.page\/wp-content\/uploads\/2024\/05\/Sandra-Monino-Profesional-Nutricion.png 490w, https:\/\/pensive-lamport.195-201-90-31.plesk.page\/wp-content\/uploads\/2024\/05\/Sandra-Monino-Profesional-Nutricion-267x300.png 267w\" sizes=\"(max-width: 490px) 100vw, 490px\" \/>\t\t\t\t\t\t\t\t\t\t\t\t\t\t\t<\/div>\n\t\t\t\t<\/div>\n\t\t\t\t\t<\/div>\n\t\t\t\t<\/div>\n\t\t<div class=\"elementor-element elementor-element-10c21041 e-flex e-con-boxed e-con e-child\" data-id=\"10c21041\" data-element_type=\"container\" data-e-type=\"container\">\n\t\t\t\t\t<div class=\"e-con-inner\">\n\t\t\t\t<div class=\"elementor-element elementor-element-286e1ac2 animated-slow elementor-widget elementor-widget-heading\" data-id=\"286e1ac2\" data-element_type=\"widget\" data-e-type=\"widget\" data-settings=\"{&quot;_animation&quot;:&quot;none&quot;}\" data-widget_type=\"heading.default\">\n\t\t\t\t<div class=\"elementor-widget-container\">\n\t\t\t\t\t<h2 class=\"elementor-heading-title elementor-size-default\">H\u00e1blanos<\/h2>\t\t\t\t<\/div>\n\t\t\t\t<\/div>\n\t\t\t\t<div class=\"elementor-element elementor-element-45806f01 elementor-widget__width-inherit elementor-widget-tablet__width-inherit elementor-widget elementor-widget-text-editor\" data-id=\"45806f01\" data-element_type=\"widget\" data-e-type=\"widget\" data-widget_type=\"text-editor.default\">\n\t\t\t\t<div class=\"elementor-widget-container\">\n\t\t\t\t\t\t\t\t\t<p>Si necesitas dar un cambio en tus h\u00e1bitos alimenticios estamos para ayudarte, \u00a1escr\u00edbeme!<\/p>\t\t\t\t\t\t\t\t<\/div>\n\t\t\t\t<\/div>\n\t\t\t\t<div class=\"elementor-element elementor-element-40d5301d elementor-widget elementor-widget-button\" data-id=\"40d5301d\" data-element_type=\"widget\" data-e-type=\"widget\" data-settings=\"{&quot;_animation&quot;:&quot;none&quot;}\" data-widget_type=\"button.default\">\n\t\t\t\t<div class=\"elementor-widget-container\">\n\t\t\t\t\t\t\t\t\t<div class=\"elementor-button-wrapper\">\n\t\t\t\t\t<a class=\"elementor-button elementor-button-link elementor-size-sm elementor-animation-pop\" href=\"\/contacto\/\">\n\t\t\t\t\t\t<span class=\"elementor-button-content-wrapper\">\n\t\t\t\t\t\t\t\t\t<span class=\"elementor-button-text\">Contacto<\/span>\n\t\t\t\t\t<\/span>\n\t\t\t\t\t<\/a>\n\t\t\t\t<\/div>\n\t\t\t\t\t\t\t\t<\/div>\n\t\t\t\t<\/div>\n\t\t\t\t\t<\/div>\n\t\t\t\t<\/div>\n\t\t\t\t\t<\/div>\n\t\t\t\t<\/div>\n\t\t\t\t\t<\/div>\n\t\t\t\t<\/div>\n\t\t\t\t<\/div>\n\t\t","protected":false},"excerpt":{"rendered":"<p>Sobre Nutrici\u00f3nate Mi nombre es Sandra Mo\u00f1ino Costa y cre\u00e9 Nutricionate con un \u00fanico objetivo,\u00a0lograr ver c\u00f3mo mis pacientes mejoran sus\u00a0h\u00e1bitos alimenticios con comida sana y sabrosa, dando un cambio hacia una vida activa y m\u00e1s saludable. Escr\u00edbeme \u00bfQu\u00e9 me llevo a estudiar Nutrici\u00f3n Humana y Diet\u00e9tica? Desde peque\u00f1a siempre quise ser profesora porque se [&hellip;]<\/p>\n","protected":false},"author":1,"featured_media":0,"parent":0,"menu_order":0,"comment_status":"closed","ping_status":"closed","template":"elementor_header_footer","meta":{"footnotes":""},"class_list":["post-53","page","type-page","status-publish","hentry"],"_links":{"self":[{"href":"https:\/\/pensive-lamport.195-201-90-31.plesk.page\/index.php?rest_route=\/wp\/v2\/pages\/53","targetHints":{"allow":["GET"]}}],"collection":[{"href":"https:\/\/pensive-lamport.195-201-90-31.plesk.page\/index.php?rest_route=\/wp\/v2\/pages"}],"about":[{"href":"https:\/\/pensive-lamport.195-201-90-31.plesk.page\/index.php?rest_route=\/wp\/v2\/types\/page"}],"author":[{"embeddable":true,"href":"https:\/\/pensive-lamport.195-201-90-31.plesk.page\/index.php?rest_route=\/wp\/v2\/users\/1"}],"replies":[{"embeddable":true,"href":"https:\/\/pensive-lamport.195-201-90-31.plesk.page\/index.php?rest_route=%2Fwp%2Fv2%2Fcomments&post=53"}],"version-history":[{"count":7,"href":"https:\/\/pensive-lamport.195-201-90-31.plesk.page\/index.php?rest_route=\/wp\/v2\/pages\/53\/revisions"}],"predecessor-version":[{"id":192,"href":"https:\/\/pensive-lamport.195-201-90-31.plesk.page\/index.php?rest_route=\/wp\/v2\/pages\/53\/revisions\/192"}],"wp:attachment":[{"href":"https:\/\/pensive-lamport.195-201-90-31.plesk.page\/index.php?rest_route=%2Fwp%2Fv2%2Fmedia&parent=53"}],"curies":[{"name":"wp","href":"https:\/\/api.w.org\/{rel}","templated":true}]}}