{"id":97,"date":"2024-05-27T08:14:53","date_gmt":"2024-05-27T08:14:53","guid":{"rendered":"https:\/\/pensive-lamport.195-201-90-31.plesk.page\/?page_id=97"},"modified":"2024-05-27T08:14:57","modified_gmt":"2024-05-27T08:14:57","slug":"politica-de-privacidad","status":"publish","type":"page","link":"https:\/\/pensive-lamport.195-201-90-31.plesk.page\/?page_id=97","title":{"rendered":"Pol\u00edtica de privacidad"},"content":{"rendered":"\t\t<div data-elementor-type=\"wp-page\" data-elementor-id=\"97\" class=\"elementor elementor-97\" data-elementor-post-type=\"page\">\n\t\t\t\t<div class=\"elementor-element elementor-element-2dbbb29f e-flex e-con-boxed e-con e-parent\" data-id=\"2dbbb29f\" data-element_type=\"container\" data-e-type=\"container\" data-settings=\"{&quot;background_background&quot;:&quot;classic&quot;}\">\n\t\t\t\t\t<div class=\"e-con-inner\">\n\t\t\t\t<div class=\"elementor-element elementor-element-37e4a75c elementor-widget elementor-widget-heading\" data-id=\"37e4a75c\" data-element_type=\"widget\" data-e-type=\"widget\" data-widget_type=\"heading.default\">\n\t\t\t\t<div class=\"elementor-widget-container\">\n\t\t\t\t\t<h1 class=\"elementor-heading-title elementor-size-default\">Pol\u00edtica de privacidad<\/h1>\t\t\t\t<\/div>\n\t\t\t\t<\/div>\n\t\t\t\t\t<\/div>\n\t\t\t\t<\/div>\n\t\t<div class=\"elementor-element elementor-element-72c91770 e-flex e-con-boxed e-con e-parent\" data-id=\"72c91770\" data-element_type=\"container\" data-e-type=\"container\">\n\t\t\t\t\t<div class=\"e-con-inner\">\n\t\t<div class=\"elementor-element elementor-element-7fd4b5d8 e-flex e-con-boxed e-con e-child\" data-id=\"7fd4b5d8\" data-element_type=\"container\" data-e-type=\"container\">\n\t\t\t\t\t<div class=\"e-con-inner\">\n\t\t\t\t<div class=\"elementor-element elementor-element-6ec6f0a0 elementor-widget elementor-widget-heading\" data-id=\"6ec6f0a0\" data-element_type=\"widget\" data-e-type=\"widget\" data-widget_type=\"heading.default\">\n\t\t\t\t<div class=\"elementor-widget-container\">\n\t\t\t\t\t<h2 class=\"elementor-heading-title elementor-size-default\">\u00bfQui\u00e9n es el Responsable del Tratamiento de tus datos?<\/h2>\t\t\t\t<\/div>\n\t\t\t\t<\/div>\n\t\t\t\t<div class=\"elementor-element elementor-element-6965acdd elementor-widget elementor-widget-text-editor\" data-id=\"6965acdd\" data-element_type=\"widget\" data-e-type=\"widget\" data-widget_type=\"text-editor.default\">\n\t\t\t\t<div class=\"elementor-widget-container\">\n\t\t\t\t\t\t\t\t\t<p>Responsable: Nutricionate S.L., (en adelante Nutricionate)<\/p><p>Domicilio social: Calle Juli\u00e1n Besteiro n\u00ba6, Bigastro<\/p><p>Email: info@nutricionate.com<\/p>\t\t\t\t\t\t\t\t<\/div>\n\t\t\t\t<\/div>\n\t\t\t\t\t<\/div>\n\t\t\t\t<\/div>\n\t\t<div class=\"elementor-element elementor-element-7d399de1 e-flex e-con-boxed e-con e-child\" data-id=\"7d399de1\" data-element_type=\"container\" data-e-type=\"container\">\n\t\t\t\t\t<div class=\"e-con-inner\">\n\t\t\t\t<div class=\"elementor-element elementor-element-5fc6a972 elementor-widget elementor-widget-heading\" data-id=\"5fc6a972\" data-element_type=\"widget\" data-e-type=\"widget\" data-widget_type=\"heading.default\">\n\t\t\t\t<div class=\"elementor-widget-container\">\n\t\t\t\t\t<h2 class=\"elementor-heading-title elementor-size-default\">\u00bfQu\u00e9 datos tratamos y con qu\u00e9 finalidad?<\/h2>\t\t\t\t<\/div>\n\t\t\t\t<\/div>\n\t\t\t\t<div class=\"elementor-element elementor-element-3940c440 elementor-widget elementor-widget-text-editor\" data-id=\"3940c440\" data-element_type=\"widget\" data-e-type=\"widget\" data-widget_type=\"text-editor.default\">\n\t\t\t\t<div class=\"elementor-widget-container\">\n\t\t\t\t\t\t\t\t\t<p>Cuando te registras en Nutricionate o usas la plataforma, nos proporcionas determinados datos de manera voluntaria. Entre estos datos se incluyen tu nombre, tu correo, tu n\u00famero de tel\u00e9fono, tu direcci\u00f3n y cualquier otra informaci\u00f3n que nos facilites. En determinadas ocasiones, podr\u00e1s elegir si quieres compartir con nosotros las fotos relativas a tu evoluci\u00f3n, o incluso datos de salud como peso, altura, alergias, etc.<\/p><p>Tus datos se tratar\u00e1n \u00fanicamente con la finalidad de gestionar tu inscripci\u00f3n en los planes nutricionales, resolver las consultas planteadas y proporcionar ofertas de nuestros servicios que puedan ser de tu inter\u00e9s.<\/p>\t\t\t\t\t\t\t\t<\/div>\n\t\t\t\t<\/div>\n\t\t\t\t\t<\/div>\n\t\t\t\t<\/div>\n\t\t<div class=\"elementor-element elementor-element-50e83c5 e-flex e-con-boxed e-con e-child\" data-id=\"50e83c5\" data-element_type=\"container\" data-e-type=\"container\">\n\t\t\t\t\t<div class=\"e-con-inner\">\n\t\t\t\t<div class=\"elementor-element elementor-element-7c42066a elementor-widget elementor-widget-heading\" data-id=\"7c42066a\" data-element_type=\"widget\" data-e-type=\"widget\" data-widget_type=\"heading.default\">\n\t\t\t\t<div class=\"elementor-widget-container\">\n\t\t\t\t\t<h2 class=\"elementor-heading-title elementor-size-default\">\u00bfCu\u00e1l es la legitimaci\u00f3n para el tratamiento de tus datos?<\/h2>\t\t\t\t<\/div>\n\t\t\t\t<\/div>\n\t\t\t\t<div class=\"elementor-element elementor-element-6703fba7 elementor-widget elementor-widget-text-editor\" data-id=\"6703fba7\" data-element_type=\"widget\" data-e-type=\"widget\" data-widget_type=\"text-editor.default\">\n\t\t\t\t<div class=\"elementor-widget-container\">\n\t\t\t\t\t\t\t\t\t<p>Seg\u00fan lo dispuesto en el art\u00edculo 6.1 del Reglamento 679\/2016 de Protecci\u00f3n de Datos, la base legal para el tratamiento de tus datos personales, ser\u00e1:\u00a0El consentimiento, cuando solicitas informaci\u00f3n adicional en alguno de nuestros formularios de contacto.\u00a0La ejecuci\u00f3n de un contrato, al contratar alguno de nuestros planes deportivos y\/o nutricionales.\u00a0El inter\u00e9s leg\u00edtimo, al remitirte ofertas de nuestros productos y servicios.<\/p><p>En cualquier caso, los datos que te solicitamos son adecuados, pertinentes y estrictamente necesarios y en ning\u00fan caso est\u00e1s obligada a facilit\u00e1rnoslos, pero su no comunicaci\u00f3n podr\u00e1 afectar a la finalidad del servicio o la imposibilidad de prestarlo.<\/p>\t\t\t\t\t\t\t\t<\/div>\n\t\t\t\t<\/div>\n\t\t\t\t\t<\/div>\n\t\t\t\t<\/div>\n\t\t<div class=\"elementor-element elementor-element-5f34d6d1 e-flex e-con-boxed e-con e-child\" data-id=\"5f34d6d1\" data-element_type=\"container\" data-e-type=\"container\">\n\t\t\t\t\t<div class=\"e-con-inner\">\n\t\t\t\t<div class=\"elementor-element elementor-element-a9a9b3c elementor-widget elementor-widget-heading\" data-id=\"a9a9b3c\" data-element_type=\"widget\" data-e-type=\"widget\" data-widget_type=\"heading.default\">\n\t\t\t\t<div class=\"elementor-widget-container\">\n\t\t\t\t\t<h2 class=\"elementor-heading-title elementor-size-default\">\u00bfPor cu\u00e1nto tiempo conservaremos tus datos?<\/h2>\t\t\t\t<\/div>\n\t\t\t\t<\/div>\n\t\t\t\t<div class=\"elementor-element elementor-element-7d36fff5 elementor-widget elementor-widget-text-editor\" data-id=\"7d36fff5\" data-element_type=\"widget\" data-e-type=\"widget\" data-widget_type=\"text-editor.default\">\n\t\t\t\t<div class=\"elementor-widget-container\">\n\t\t\t\t\t\t\t\t\t<p>Tus datos, ser\u00e1n conservados el tiempo m\u00ednimo necesario para la correcta prestaci\u00f3n del servicio ofrecido, as\u00ed como para atender las responsabilidades que se pudieran derivar del mismo y de cualquier otra exigencia legal.<\/p>\t\t\t\t\t\t\t\t<\/div>\n\t\t\t\t<\/div>\n\t\t\t\t\t<\/div>\n\t\t\t\t<\/div>\n\t\t<div class=\"elementor-element elementor-element-3a813617 e-flex e-con-boxed e-con e-child\" data-id=\"3a813617\" data-element_type=\"container\" data-e-type=\"container\">\n\t\t\t\t\t<div class=\"e-con-inner\">\n\t\t\t\t<div class=\"elementor-element elementor-element-4e087af5 elementor-widget elementor-widget-heading\" data-id=\"4e087af5\" data-element_type=\"widget\" data-e-type=\"widget\" data-widget_type=\"heading.default\">\n\t\t\t\t<div class=\"elementor-widget-container\">\n\t\t\t\t\t<h2 class=\"elementor-heading-title elementor-size-default\">\u00bfCu\u00e1les son sus derechos cuando nos facilita sus datos?<\/h2>\t\t\t\t<\/div>\n\t\t\t\t<\/div>\n\t\t\t\t<div class=\"elementor-element elementor-element-284e307b elementor-widget elementor-widget-text-editor\" data-id=\"284e307b\" data-element_type=\"widget\" data-e-type=\"widget\" data-widget_type=\"text-editor.default\">\n\t\t\t\t<div class=\"elementor-widget-container\">\n\t\t\t\t\t\t\t\t\t<p>Los derechos de protecci\u00f3n de datos que podr\u00e1s ejercer, cuando procedan, son:\u2028<\/p><ul><li>Derecho a solicitar el acceso a tus datos personales.<\/li><li>Derecho de rectificaci\u00f3n o supresi\u00f3n.<\/li><li>Derecho de oposici\u00f3n.<\/li><li>Derecho a solicitar la limitaci\u00f3n del tratamiento.<\/li><li>Derecho a la portabilidad de los datos.<\/li><li>Derecho a no ser objeto de decisiones basadas \u00fanicamente en el tratamiento automatizado de datos.<\/li><\/ul><p>\u00a0<\/p><p>En caso de que quisieras ejercer alguno de estos derechos, puedes dirigir una comunicaci\u00f3n por escrito al domicilio social de Nutricionate o al correo electr\u00f3nico habilitado a tal efecto,\u00a0info@nutricionate.com<\/p><p>Puedes consultar modelos, formularios y m\u00e1s informaci\u00f3n disponible sobre tus derechos en la p\u00e1gina web de la autoridad de control nacional, Agencia Espa\u00f1ola de Protecci\u00f3n de Datos, en adelante, AEPD, www.aepd.es<\/p>\t\t\t\t\t\t\t\t<\/div>\n\t\t\t\t<\/div>\n\t\t\t\t\t<\/div>\n\t\t\t\t<\/div>\n\t\t<div class=\"elementor-element elementor-element-32899606 e-flex e-con-boxed e-con e-child\" data-id=\"32899606\" data-element_type=\"container\" data-e-type=\"container\">\n\t\t\t\t\t<div class=\"e-con-inner\">\n\t\t\t\t<div class=\"elementor-element elementor-element-426a64a5 elementor-widget elementor-widget-heading\" data-id=\"426a64a5\" data-element_type=\"widget\" data-e-type=\"widget\" data-widget_type=\"heading.default\">\n\t\t\t\t<div class=\"elementor-widget-container\">\n\t\t\t\t\t<h2 class=\"elementor-heading-title elementor-size-default\">\u00bfPuedo retirar el consentimiento?<\/h2>\t\t\t\t<\/div>\n\t\t\t\t<\/div>\n\t\t\t\t<div class=\"elementor-element elementor-element-1d6407be elementor-widget elementor-widget-text-editor\" data-id=\"1d6407be\" data-element_type=\"widget\" data-e-type=\"widget\" data-widget_type=\"text-editor.default\">\n\t\t\t\t<div class=\"elementor-widget-container\">\n\t\t\t\t\t\t\t\t\t<p>Tienes la posibilidad y el derecho a retirar el consentimiento para cualquiera finalidad espec\u00edfica otorgada en su momento, sin que ello afecte a la licitud del tratamiento basado en el consentimiento previo a su retirada.<\/p>\t\t\t\t\t\t\t\t<\/div>\n\t\t\t\t<\/div>\n\t\t\t\t\t<\/div>\n\t\t\t\t<\/div>\n\t\t<div class=\"elementor-element elementor-element-77a4db56 e-flex e-con-boxed e-con e-child\" data-id=\"77a4db56\" data-element_type=\"container\" data-e-type=\"container\">\n\t\t\t\t\t<div class=\"e-con-inner\">\n\t\t\t\t<div class=\"elementor-element elementor-element-36a2d7ad elementor-widget elementor-widget-heading\" data-id=\"36a2d7ad\" data-element_type=\"widget\" data-e-type=\"widget\" data-widget_type=\"heading.default\">\n\t\t\t\t<div class=\"elementor-widget-container\">\n\t\t\t\t\t<h2 class=\"elementor-heading-title elementor-size-default\">\u00bfD\u00f3nde puedo reclamar en caso de que considere que no se tratan mis datos correctamente?<\/h2>\t\t\t\t<\/div>\n\t\t\t\t<\/div>\n\t\t\t\t<div class=\"elementor-element elementor-element-2a32d7ea elementor-widget elementor-widget-text-editor\" data-id=\"2a32d7ea\" data-element_type=\"widget\" data-e-type=\"widget\" data-widget_type=\"text-editor.default\">\n\t\t\t\t<div class=\"elementor-widget-container\">\n\t\t\t\t\t\t\t\t\t<p>Si consideras que tus datos no son tratados correctamente por Nutricionate o que las solicitudes de ejercicio de derechos no han sido atendidas de forma satisfactoria, puedes interponer una reclamaci\u00f3n ante a la autoridad de protecci\u00f3n de datos que corresponda, siendo la AEPD la indicada en el territorio nacional, www.aepd.es.<\/p>\t\t\t\t\t\t\t\t<\/div>\n\t\t\t\t<\/div>\n\t\t\t\t\t<\/div>\n\t\t\t\t<\/div>\n\t\t<div class=\"elementor-element elementor-element-6dd7335f e-flex e-con-boxed e-con e-child\" data-id=\"6dd7335f\" data-element_type=\"container\" data-e-type=\"container\">\n\t\t\t\t\t<div class=\"e-con-inner\">\n\t\t\t\t<div class=\"elementor-element elementor-element-297b1c30 elementor-widget elementor-widget-heading\" data-id=\"297b1c30\" data-element_type=\"widget\" data-e-type=\"widget\" data-widget_type=\"heading.default\">\n\t\t\t\t<div class=\"elementor-widget-container\">\n\t\t\t\t\t<h2 class=\"elementor-heading-title elementor-size-default\">Seguridad y actualizaci\u00f3n de sus datos personales<\/h2>\t\t\t\t<\/div>\n\t\t\t\t<\/div>\n\t\t\t\t<div class=\"elementor-element elementor-element-17355855 elementor-widget elementor-widget-text-editor\" data-id=\"17355855\" data-element_type=\"widget\" data-e-type=\"widget\" data-widget_type=\"text-editor.default\">\n\t\t\t\t<div class=\"elementor-widget-container\">\n\t\t\t\t\t\t\t\t\t<p>Con el objetivo de salvaguardar la seguridad de tus datos personales, te informamos que Nutricionate ha adoptado todas las medidas de \u00edndole t\u00e9cnica y organizativa necesarias para garantizar la seguridad de los datos personales suministrados. Todo ello para evitar su alteraci\u00f3n, p\u00e9rdida, y\/o tratamientos o accesos no autorizados, tal como exige la normativa, si bien la seguridad absoluta no existe.\u2028Es importante que, para que podamos mantener tus datos personales actualizados, nos informes siempre que se produzca una modificaci\u00f3n de los mismos.<\/p>\t\t\t\t\t\t\t\t<\/div>\n\t\t\t\t<\/div>\n\t\t\t\t\t<\/div>\n\t\t\t\t<\/div>\n\t\t<div class=\"elementor-element elementor-element-5cd4c789 e-flex e-con-boxed e-con e-child\" data-id=\"5cd4c789\" data-element_type=\"container\" data-e-type=\"container\">\n\t\t\t\t\t<div class=\"e-con-inner\">\n\t\t\t\t<div class=\"elementor-element elementor-element-35534684 elementor-widget elementor-widget-heading\" data-id=\"35534684\" data-element_type=\"widget\" data-e-type=\"widget\" data-widget_type=\"heading.default\">\n\t\t\t\t<div class=\"elementor-widget-container\">\n\t\t\t\t\t<h2 class=\"elementor-heading-title elementor-size-default\">Seguridad y actualizaci\u00f3n de sus datos personales<\/h2>\t\t\t\t<\/div>\n\t\t\t\t<\/div>\n\t\t\t\t<div class=\"elementor-element elementor-element-1c82f76a elementor-widget elementor-widget-text-editor\" data-id=\"1c82f76a\" data-element_type=\"widget\" data-e-type=\"widget\" data-widget_type=\"text-editor.default\">\n\t\t\t\t<div class=\"elementor-widget-container\">\n\t\t\t\t\t\t\t\t\t<p>Con el objetivo de salvaguardar la seguridad de tus datos personales, te informamos que Nutricionate ha adoptado todas las medidas de \u00edndole t\u00e9cnica y organizativa necesarias para garantizar la seguridad de los datos personales suministrados. Todo ello para evitar su alteraci\u00f3n, p\u00e9rdida, y\/o tratamientos o accesos no autorizados, tal como exige la normativa, si bien la seguridad absoluta no existe.\u2028Es importante que, para que podamos mantener tus datos personales actualizados, nos informes siempre que se produzca una modificaci\u00f3n de los mismos.<\/p>\t\t\t\t\t\t\t\t<\/div>\n\t\t\t\t<\/div>\n\t\t\t\t\t<\/div>\n\t\t\t\t<\/div>\n\t\t<div class=\"elementor-element elementor-element-41753502 e-flex e-con-boxed e-con e-child\" data-id=\"41753502\" data-element_type=\"container\" data-e-type=\"container\">\n\t\t\t\t\t<div class=\"e-con-inner\">\n\t\t\t\t<div class=\"elementor-element elementor-element-19cd36b9 elementor-widget elementor-widget-heading\" data-id=\"19cd36b9\" data-element_type=\"widget\" data-e-type=\"widget\" data-widget_type=\"heading.default\">\n\t\t\t\t<div class=\"elementor-widget-container\">\n\t\t\t\t\t<h2 class=\"elementor-heading-title elementor-size-default\">Confidencialidad<\/h2>\t\t\t\t<\/div>\n\t\t\t\t<\/div>\n\t\t\t\t<div class=\"elementor-element elementor-element-3b088665 elementor-widget elementor-widget-text-editor\" data-id=\"3b088665\" data-element_type=\"widget\" data-e-type=\"widget\" data-widget_type=\"text-editor.default\">\n\t\t\t\t<div class=\"elementor-widget-container\">\n\t\t\t\t\t\t\t\t\t<p>En Nutricionate trataremos tus datos con la m\u00e1xima confidencialidad por todo el personal que intervenga en cualquiera de las fases del tratamiento. Como hemos indicado anteriormente, no cederemos ni comunicaremos a ning\u00fan tercero tus datos, excepto en los casos legalmente previstos, o salvo que nos hubieras autorizado expresamente.<\/p>\t\t\t\t\t\t\t\t<\/div>\n\t\t\t\t<\/div>\n\t\t\t\t\t<\/div>\n\t\t\t\t<\/div>\n\t\t\t\t\t<\/div>\n\t\t\t\t<\/div>\n\t\t\t\t<\/div>\n\t\t","protected":false},"excerpt":{"rendered":"<p>Pol\u00edtica de privacidad \u00bfQui\u00e9n es el Responsable del Tratamiento de tus datos? Responsable: Nutricionate S.L., (en adelante Nutricionate) Domicilio social: Calle Juli\u00e1n Besteiro n\u00ba6, Bigastro Email: info@nutricionate.com \u00bfQu\u00e9 datos tratamos y con qu\u00e9 finalidad? Cuando te registras en Nutricionate o usas la plataforma, nos proporcionas determinados datos de manera voluntaria. Entre estos datos se incluyen [&hellip;]<\/p>\n","protected":false},"author":1,"featured_media":0,"parent":0,"menu_order":0,"comment_status":"closed","ping_status":"closed","template":"","meta":{"footnotes":""},"class_list":["post-97","page","type-page","status-publish","hentry"],"_links":{"self":[{"href":"https:\/\/pensive-lamport.195-201-90-31.plesk.page\/index.php?rest_route=\/wp\/v2\/pages\/97","targetHints":{"allow":["GET"]}}],"collection":[{"href":"https:\/\/pensive-lamport.195-201-90-31.plesk.page\/index.php?rest_route=\/wp\/v2\/pages"}],"about":[{"href":"https:\/\/pensive-lamport.195-201-90-31.plesk.page\/index.php?rest_route=\/wp\/v2\/types\/page"}],"author":[{"embeddable":true,"href":"https:\/\/pensive-lamport.195-201-90-31.plesk.page\/index.php?rest_route=\/wp\/v2\/users\/1"}],"replies":[{"embeddable":true,"href":"https:\/\/pensive-lamport.195-201-90-31.plesk.page\/index.php?rest_route=%2Fwp%2Fv2%2Fcomments&post=97"}],"version-history":[{"count":5,"href":"https:\/\/pensive-lamport.195-201-90-31.plesk.page\/index.php?rest_route=\/wp\/v2\/pages\/97\/revisions"}],"predecessor-version":[{"id":204,"href":"https:\/\/pensive-lamport.195-201-90-31.plesk.page\/index.php?rest_route=\/wp\/v2\/pages\/97\/revisions\/204"}],"wp:attachment":[{"href":"https:\/\/pensive-lamport.195-201-90-31.plesk.page\/index.php?rest_route=%2Fwp%2Fv2%2Fmedia&parent=97"}],"curies":[{"name":"wp","href":"https:\/\/api.w.org\/{rel}","templated":true}]}}